{"id":5922,"date":"2025-12-23T01:05:22","date_gmt":"2025-12-23T01:05:22","guid":{"rendered":"https:\/\/onehopeespanol.net\/?page_id=5922"},"modified":"2026-01-10T08:58:09","modified_gmt":"2026-01-10T08:58:09","slug":"pulso-onehope-2","status":"publish","type":"page","link":"https:\/\/onehopeespanol.net\/en\/pulso-onehope-2\/","title":{"rendered":"PULSO ONEHOPE"},"content":{"rendered":"\t\t<div data-elementor-type=\"wp-post\" data-elementor-id=\"5922\" class=\"elementor elementor-5922\" data-elementor-post-type=\"page\">\n\t\t\t\t<div class=\"elementor-element elementor-element-df53ac5 e-con-full e-flex e-con e-parent\" data-id=\"df53ac5\" data-element_type=\"container\" data-e-type=\"container\">\n\t\t\t\t<div class=\"elementor-element elementor-element-18c598f elementor-widget elementor-widget-slider_revolution\" data-id=\"18c598f\" data-element_type=\"widget\" data-e-type=\"widget\" data-widget_type=\"slider_revolution.default\">\n\t\t\t\t\t\n\t\t<div class=\"wp-block-themepunch-revslider\">\n\t\t\t\t<p class=\"rs-p-wp-fix\"><\/p>\n\t\t\t\t<sr7-module data-alias=\"nosotros-1\" data-id=\"71\" id=\"home\" class=\"rs-ov-hidden\" data-version=\"6.7.41\">\n\t\t\t\t\t<sr7-adjuster><\/sr7-adjuster>\n\t\t\t\t\t<sr7-content>\n\t\t\t\t\t\t<sr7-slide id=\"home-211\" data-key=\"211\">\n\t\t\t\t\t\t\t<sr7-txt id=\"home-211-5\" class=\"sr7-layer\">Pulso<br \/> <\/sr7-txt>\n\t\t\t\t\t\t\t<sr7-txt id=\"home-211-7\" class=\"sr7-layer\"><i class=\"material-icons\">arrow_downward<\/i><\/sr7-txt>\n\t\t\t\t\t\t<\/sr7-slide>\n\t\t\t\t\t\t<sr7-slide id=\"home-212\" data-key=\"212\">\n\t\t\t\t\t\t<\/sr7-slide>\n\t\t\t\t\t<\/sr7-content>\n\t\t\t\t\t<image_lists style=\"display:none\">\n\t\t\t\t\t\t<img data-src=\"\/\/onehopeespanol.net\/wp-content\/uploads\/2025\/12\/un-telefono-inteligente-brillante-en-el-centro-de-una-red-digital-dinamica-de-conexiones-de-datos-scaled.jpg\" data-libid=\"5928\" title=\"un-telefono-inteligente-brillante-en-el-centro-de-una-red-digital-dinamica-de-conexiones-de-datos\" width=\"0\" height=\"0\" data-dbsrc=\"Ly9vbmVob3BlZXNwYW5vbC5uZXQvd3AtY29udGVudC91cGxvYWRzLzIwMjUvMTIvdW4tdGVsZWZvbm8taW50ZWxpZ2VudGUtYnJpbGxhbnRlLWVuLWVsLWNlbnRyby1kZS11bmEtcmVkLWRpZ2l0YWwtZGluYW1pY2EtZGUtY29uZXhpb25lcy1kZS1kYXRvcy1zY2FsZWQuanBn\"\/>\n\t\t\t\t\t\t<img data-src=\"\/\/onehopeespanol.net\/wp-content\/uploads\/2025\/12\/arrow.png\" data-libid=\"5743\" data-lib=\"medialibrary\" title=\"arrow\" width=\"0\" height=\"0\" data-dbsrc=\"Ly9vbmVob3BlZXNwYW5vbC5uZXQvd3AtY29udGVudC91cGxvYWRzLzIwMjUvMTIvYXJyb3cucG5n\"\/>\n\t\t\t\t\t\t<img data-src=\"\/\/onehopeespanol.net\/wp-content\/uploads\/2025\/12\/Logo-OneHope-para-fondo-oscuro.png\" data-libid=\"5929\" data-lib=\"medialibrary\" title=\"Logo OneHope para fondo oscuro\" width=\"0\" height=\"0\" data-dbsrc=\"Ly9vbmVob3BlZXNwYW5vbC5uZXQvd3AtY29udGVudC91cGxvYWRzLzIwMjUvMTIvTG9nby1PbmVIb3BlLXBhcmEtZm9uZG8tb3NjdXJvLnBuZw==\"\/>\n\t\t\t\t\t<\/image_lists>\n\t\t\t\t<\/sr7-module>\n\t\t\t\t<script>\n\t\t\t\t\tSR7.PMH ??={}; SR7.PMH[\"home\"] = {cn:100,state:false,fn: function() { if (_tpt!==undefined && _tpt.prepareModuleHeight !== undefined) {  _tpt.prepareModuleHeight({id:\"home\",el:[900,900,768,1200,1000],type:'hero',shdw:'0',slideduration:'9000',gh:[900,900,768,1200,1000],gw:[1240,1240,1024,778,480],vpt:['-100px&#039;,&#039;-100px&#039;,&#039;-100px&#039;,&#039;-100px&#039;,&#039;-100px'],size:{fullWidth:true, fullHeight:false},mh:'0',sbt:{use:true},onh:0,onw:0,bg:{color:'{\"type\":\"solid\",\"orig\":\"#d6d0c9\",\"string\":\"rgba(214, 208, 201, 1)\"}'}});   SR7.PMH[\"home\"].state=true;} else if(SR7.PMH[\"home\"].cn-->0)\tsetTimeout( SR7.PMH[\"home\"].fn,19);}};SR7.PMH[\"home\" ].fn();\n\t\t\t\t<\/script>\n<\/div>\n\n\t\t\t\t\t\t<\/div>\n\t\t\t\t<\/div>\n\t\t<div class=\"elementor-element elementor-element-d1bbfc8 e-flex e-con-boxed e-con e-parent\" data-id=\"d1bbfc8\" data-element_type=\"container\" data-e-type=\"container\" data-settings=\"{&quot;background_background&quot;:&quot;classic&quot;}\">\n\t\t\t\t\t<div class=\"e-con-inner\">\n\t\t\t\t<div class=\"elementor-element elementor-element-11125e7 elementor-widget-mobile__width-initial elementor-widget-tablet__width-initial elementor-widget elementor-widget-gva-posts\" data-id=\"11125e7\" data-element_type=\"widget\" data-e-type=\"widget\" data-widget_type=\"gva-posts.default\">\n\t\t\t\t<div class=\"elementor-widget-container\">\n\t\t\t\t\t<div class=\"gva-element-gva-posts gva-element\">  \r\n  <div class=\"gva-posts-grid clearfix gva-posts\">\r\n      <div class=\"gva-content-items\"> \r\n        <div class=\"lg-block-grid-3 md-block-grid-2 sm-block-grid-1 xs-block-grid-1\">\r\n          \r\n<div class=\"item-columns all pulso-onehope \">\r\n   <article id=\"post-257\" class=\"post post-257 type-post status-publish format-gallery has-post-thumbnail hentry category-pulso-onehope post_format-post-format-gallery\">\r\n      <div class=\"post-thumbnail\">\r\n         <img loading=\"lazy\" decoding=\"async\" width=\"900\" height=\"599\" src=\"https:\/\/onehopeespanol.net\/wp-content\/uploads\/2025\/12\/Captura-de-pantalla-2025-12-04-a-las-9.22.10-a.-m-1024x682.png\" class=\"attachment-large size-large wp-post-image\" alt=\"5 Razones Irremplazables por las que la Biblia Sigue Siendo Vital para los Ni\u00f1os de Hoy\" \/>      <\/div>   \r\n\r\n      <div class=\"entry-content\">\r\n         <div class=\"content-inner\">\r\n            \r\n            <h2 class=\"entry-title\"><a href=\"https:\/\/onehopeespanol.net\/en\/5-razones-irremplazables-por-las-que-la-biblia-sigue-siendo-vital-para-los-ninos-de-hoy\/\" rel=\"bookmark\">5 Razones Irremplazables por las que la Biblia Sigue Siendo Vital para los Ni\u00f1os de Hoy<\/a><\/h2>\r\n            \r\n            <div class=\"entry-meta\">\r\n                                <span class=\"cat-links\"><a href=\"https:\/\/onehopeespanol.net\/en\/pulso-onehope\/\" rel=\"category tag\">Pulso OneHope<\/a><\/span>\r\n                  <span class=\"line\"><\/span>\r\n                              <span class=\"entry-date\"><a href=\"https:\/\/onehopeespanol.net\/en\/5-razones-irremplazables-por-las-que-la-biblia-sigue-siendo-vital-para-los-ninos-de-hoy\/\" rel=\"bookmark\"><time class=\"entry-date\" datetime=\"2026-01-03T15:30:10+00:00\">January 3, 2026<\/time><\/a><\/span>            <\/div> \r\n\r\n            <div class=\"entry-description\">\r\n               En un mundo ruidoso, vol\u00e1til y saturado de pantallas, nuestros ni\u00f1os y j\u00f3venes se enfrentan a una crisis de identidad, ansiedad existencial y la constante b\u00fasqueda de validaci\u00f3n en las            <\/div>\r\n         <\/div>\r\n\r\n         <div class=\"read-more hidden\"><a class=\"btn-theme\" href=\"https:\/\/onehopeespanol.net\/en\/5-razones-irremplazables-por-las-que-la-biblia-sigue-siendo-vital-para-los-ninos-de-hoy\/\">Read more<\/a><\/div>\r\n         \r\n      <\/div>\r\n   <\/article>   \r\n<\/div>\r\n\r\n  \r\n<div class=\"item-columns all pulso-onehope \">\r\n   <article id=\"post-5959\" class=\"post post-5959 type-post status-publish format-gallery has-post-thumbnail hentry category-pulso-onehope post_format-post-format-gallery\">\r\n      <div class=\"post-thumbnail\">\r\n         <img loading=\"lazy\" decoding=\"async\" width=\"900\" height=\"506\" src=\"https:\/\/onehopeespanol.net\/wp-content\/uploads\/2026\/01\/pod-1024x576.jpg\" class=\"attachment-large size-large wp-post-image\" alt=\"OneHope Podcast\" \/>      <\/div>   \r\n\r\n      <div class=\"entry-content\">\r\n         <div class=\"content-inner\">\r\n            \r\n            <h2 class=\"entry-title\"><a href=\"https:\/\/onehopeespanol.net\/en\/podcast-recomendado-de-la-semana-intencionalmente\/\" rel=\"bookmark\">OneHope Podcast<\/a><\/h2>\r\n            \r\n            <div class=\"entry-meta\">\r\n                                <span class=\"cat-links\"><a href=\"https:\/\/onehopeespanol.net\/en\/pulso-onehope\/\" rel=\"category tag\">Pulso OneHope<\/a><\/span>\r\n                  <span class=\"line\"><\/span>\r\n                              <span class=\"entry-date\"><a href=\"https:\/\/onehopeespanol.net\/en\/podcast-recomendado-de-la-semana-intencionalmente\/\" rel=\"bookmark\"><time class=\"entry-date\" datetime=\"2026-01-02T15:58:05+00:00\">January 2, 2026<\/time><\/a><\/span>            <\/div> \r\n\r\n            <div class=\"entry-description\">\r\n               Las nuevas generaciones hablan un idioma diferente, enfrentan desaf\u00edos \u00fanicos y necesitan una conexi\u00f3n genuina con Jes\u00fas, m\u00e1s all\u00e1 de lo tradicional            <\/div>\r\n         <\/div>\r\n\r\n         <div class=\"read-more hidden\"><a class=\"btn-theme\" href=\"https:\/\/onehopeespanol.net\/en\/podcast-recomendado-de-la-semana-intencionalmente\/\">Read more<\/a><\/div>\r\n         \r\n      <\/div>\r\n   <\/article>   \r\n<\/div>\r\n\r\n  \r\n<div class=\"item-columns all pulso-onehope \">\r\n   <article id=\"post-6060\" class=\"post post-6060 type-post status-publish format-gallery has-post-thumbnail hentry category-pulso-onehope post_format-post-format-gallery\">\r\n      <div class=\"post-thumbnail\">\r\n         <img loading=\"lazy\" decoding=\"async\" width=\"900\" height=\"595\" src=\"https:\/\/onehopeespanol.net\/wp-content\/uploads\/2026\/01\/Captura-de-pantalla-2026-01-10-a-las-2.02.09-a.-m-1024x677.png\" class=\"attachment-large size-large wp-post-image\" alt=\"Soledad y Depresi\u00f3n en la Adolescencia: Lo Que Necesitas Saber\" \/>      <\/div>   \r\n\r\n      <div class=\"entry-content\">\r\n         <div class=\"content-inner\">\r\n            \r\n            <h2 class=\"entry-title\"><a href=\"https:\/\/onehopeespanol.net\/en\/soledad-y-depresion-en-la-adolescencia-lo-que-necesitas-saber\/\" rel=\"bookmark\">Soledad y Depresi\u00f3n en la Adolescencia: Lo Que Necesitas Saber<\/a><\/h2>\r\n            \r\n            <div class=\"entry-meta\">\r\n                                <span class=\"cat-links\"><a href=\"https:\/\/onehopeespanol.net\/en\/pulso-onehope\/\" rel=\"category tag\">Pulso OneHope<\/a><\/span>\r\n                  <span class=\"line\"><\/span>\r\n                              <span class=\"entry-date\"><a href=\"https:\/\/onehopeespanol.net\/en\/soledad-y-depresion-en-la-adolescencia-lo-que-necesitas-saber\/\" rel=\"bookmark\"><time class=\"entry-date\" datetime=\"2026-01-07T08:45:32+00:00\">January 7, 2026<\/time><\/a><\/span>            <\/div> \r\n\r\n            <div class=\"entry-description\">\r\n               La adolescencia es una etapa de grandes cambios, pero a veces, la tristeza y el aislamiento van m\u00e1s all\u00e1 de un simple \"mal humor\" pasajero. Hoy, los expertos nos dicen            <\/div>\r\n         <\/div>\r\n\r\n         <div class=\"read-more hidden\"><a class=\"btn-theme\" href=\"https:\/\/onehopeespanol.net\/en\/soledad-y-depresion-en-la-adolescencia-lo-que-necesitas-saber\/\">Read more<\/a><\/div>\r\n         \r\n      <\/div>\r\n   <\/article>   \r\n<\/div>\r\n\r\n          <\/div>\r\n      <\/div>\r\n        <\/div>\r\n  <\/div>\t\t\t\t<\/div>\n\t\t\t\t<\/div>\n\t\t\t\t\t<\/div>\n\t\t\t\t<\/div>\n\t\t\t\t<\/div>\n\t\t","protected":false},"excerpt":{"rendered":"<p>5 Razones Irremplazables por las que la Biblia Sigue Siendo Vital para los Ni\u00f1os de Hoy Pulso OneHope enero 3, 2026 En un mundo ruidoso, vol\u00e1til y saturado de pantallas, nuestros ni\u00f1os y j\u00f3venes se enfrentan a una crisis de identidad, ansiedad existencial y la constante b\u00fasqueda de validaci\u00f3n en las Read more OneHope Podcast [&hellip;]<\/p>\n","protected":false},"author":2,"featured_media":0,"parent":0,"menu_order":0,"comment_status":"closed","ping_status":"closed","template":"elementor_header_footer","meta":{"give_campaign_id":0,"footnotes":""},"class_list":["post-5922","page","type-page","status-publish","hentry"],"campaignId":"","featured_image_src":null,"featured_image_src_square":null,"_links":{"self":[{"href":"https:\/\/onehopeespanol.net\/en\/wp-json\/wp\/v2\/pages\/5922","targetHints":{"allow":["GET"]}}],"collection":[{"href":"https:\/\/onehopeespanol.net\/en\/wp-json\/wp\/v2\/pages"}],"about":[{"href":"https:\/\/onehopeespanol.net\/en\/wp-json\/wp\/v2\/types\/page"}],"author":[{"embeddable":true,"href":"https:\/\/onehopeespanol.net\/en\/wp-json\/wp\/v2\/users\/2"}],"replies":[{"embeddable":true,"href":"https:\/\/onehopeespanol.net\/en\/wp-json\/wp\/v2\/comments?post=5922"}],"version-history":[{"count":0,"href":"https:\/\/onehopeespanol.net\/en\/wp-json\/wp\/v2\/pages\/5922\/revisions"}],"wp:attachment":[{"href":"https:\/\/onehopeespanol.net\/en\/wp-json\/wp\/v2\/media?parent=5922"}],"curies":[{"name":"wp","href":"https:\/\/api.w.org\/{rel}","templated":true}]}}