{"id":612,"date":"2016-03-07T03:11:04","date_gmt":"2016-03-07T03:11:04","guid":{"rendered":"https:\/\/gaviaspreview.com\/wp\/oxpitan\/?page_id=612"},"modified":"2026-01-10T09:26:30","modified_gmt":"2026-01-10T09:26:30","slug":"nuestramision","status":"publish","type":"page","link":"https:\/\/onehopeespanol.net\/en\/nuestramision\/","title":{"rendered":"NUESTRA MISI\u00d3N"},"content":{"rendered":"\t\t<div data-elementor-type=\"wp-post\" data-elementor-id=\"612\" class=\"elementor elementor-612\" data-elementor-post-type=\"page\">\n\t\t\t\t<div class=\"elementor-element elementor-element-d0e33ee e-con-full e-flex e-con e-parent\" data-id=\"d0e33ee\" data-element_type=\"container\" data-e-type=\"container\">\n\t\t\t\t<div class=\"elementor-element elementor-element-5f1ade6 elementor-widget elementor-widget-slider_revolution\" data-id=\"5f1ade6\" data-element_type=\"widget\" data-e-type=\"widget\" data-widget_type=\"slider_revolution.default\">\n\t\t\t\t\t\n\t\t<div class=\"wp-block-themepunch-revslider\">\n\t\t\t\t<p class=\"rs-p-wp-fix\"><\/p>\n\t\t\t\t<sr7-module data-alias=\"yoga-studio-hero-1\" data-id=\"68\" id=\"home\" class=\"rs-ov-hidden\" data-version=\"6.7.41\">\n\t\t\t\t\t<sr7-adjuster><\/sr7-adjuster>\n\t\t\t\t\t<sr7-content>\n\t\t\t\t\t\t<sr7-slide id=\"home-205\" data-key=\"205\">\n\t\t\t\t\t\t\t<sr7-txt id=\"home-205-5\" class=\"sr7-layer\">Nuestra <br \/> Misi\u00f3n<\/sr7-txt>\n\t\t\t\t\t\t\t<sr7-txt id=\"home-205-7\" class=\"sr7-layer\"><i class=\"material-icons\">arrow_downward<\/i><\/sr7-txt>\n\t\t\t\t\t\t<\/sr7-slide>\n\t\t\t\t\t\t<sr7-slide id=\"home-206\" data-key=\"206\">\n\t\t\t\t\t\t<\/sr7-slide>\n\t\t\t\t\t<\/sr7-content>\n\t\t\t\t\t<image_lists style=\"display:none\">\n\t\t\t\t\t\t<img data-src=\"\/\/onehopeespanol.net\/wp-content\/uploads\/2025\/12\/Nuestra-mision-scaled.png\" data-libid=\"5909\" data-lib=\"medialibrary\" title=\"Nuestra misio\u0301n\" width=\"0\" height=\"0\" data-dbsrc=\"Ly9vbmVob3BlZXNwYW5vbC5uZXQvd3AtY29udGVudC91cGxvYWRzLzIwMjUvMTIvTnVlc3RyYS1taXNpb24tc2NhbGVkLnBuZw==\"\/>\n\t\t\t\t\t\t<img data-src=\"\/\/onehopeespanol.net\/wp-content\/uploads\/2025\/12\/cian-backgroujnd.png\" data-libid=\"5714\" title=\"cian backgroujnd\" width=\"0\" height=\"0\" data-dbsrc=\"Ly9vbmVob3BlZXNwYW5vbC5uZXQvd3AtY29udGVudC91cGxvYWRzLzIwMjUvMTIvY2lhbi1iYWNrZ3JvdWpuZC5wbmc=\"\/>\n\t\t\t\t\t\t<img data-src=\"\/\/onehopeespanol.net\/wp-content\/uploads\/2025\/12\/arrow.png\" data-libid=\"5743\" data-lib=\"medialibrary\" title=\"arrow\" width=\"0\" height=\"0\" data-dbsrc=\"Ly9vbmVob3BlZXNwYW5vbC5uZXQvd3AtY29udGVudC91cGxvYWRzLzIwMjUvMTIvYXJyb3cucG5n\"\/>\n\t\t\t\t\t<\/image_lists>\n\t\t\t\t<\/sr7-module>\n\t\t\t\t<script>\n\t\t\t\t\tSR7.PMH ??={}; SR7.PMH[\"home\"] = {cn:100,state:false,fn: function() { if (_tpt!==undefined && _tpt.prepareModuleHeight !== undefined) {  _tpt.prepareModuleHeight({id:\"home\",el:[900,900,768,960,800],type:'hero',shdw:'0',slideduration:'9000',gh:[900,900,768,960,800],gw:[1240,1240,1024,778,480],vpt:['-100px&#039;,&#039;-100px&#039;,&#039;-100px&#039;,&#039;-100px&#039;,&#039;-100px'],size:{fullWidth:true, fullHeight:false},mh:'0',sbt:{use:true},onh:0,onw:0,bg:{color:'{\"type\":\"solid\",\"orig\":\"#d6d0c9\",\"string\":\"rgba(214, 208, 201, 1)\"}'}});   SR7.PMH[\"home\"].state=true;} else if(SR7.PMH[\"home\"].cn-->0)\tsetTimeout( SR7.PMH[\"home\"].fn,19);}};SR7.PMH[\"home\" ].fn();\n\t\t\t\t<\/script>\n<\/div>\n\n\t\t\t\t\t\t<\/div>\n\t\t\t\t<\/div>\n\t\t\t\t<section class=\"elementor-section elementor-top-section elementor-element elementor-element-77be elementor-section-height-min-height elementor-section-boxed elementor-section-height-default elementor-section-items-middle\" data-id=\"77be\" data-element_type=\"section\" data-e-type=\"section\" data-settings=\"{&quot;background_background&quot;:&quot;classic&quot;}\">\n\t\t\t\t\t\t\t<div class=\"elementor-background-overlay\"><\/div>\n\t\t\t\t\t\t\t<div class=\"elementor-container elementor-column-gap-default\">\n\t\t\t\t\t<div class=\"elementor-column elementor-col-100 elementor-top-column elementor-element elementor-element-0b41627 column-style-top column-top\" data-id=\"0b41627\" data-element_type=\"column\" data-e-type=\"column\">\n\t\t\t<div class=\"elementor-widget-wrap elementor-element-populated\">\n\t\t\t\t\t\t<div class=\"elementor-element elementor-element-adca471 elementor-widget__width-initial elementor-widget-mobile__width-initial elementor-widget elementor-widget-gva-heading-block\" data-id=\"adca471\" data-element_type=\"widget\" data-e-type=\"widget\" data-widget_type=\"gva-heading-block.default\">\n\t\t\t\t<div class=\"elementor-widget-container\">\n\t\t\t\t\t<div class=\"gva-element-gva-heading-block gva-element\">   <div class=\"align-center style-1 widget gsc-heading\">\r\n      <div class=\"content-inner\">\r\n           \r\n                     <h2 class=\"title\">\r\n               <span>Nuestra Misi\u00f3n<\/span>\r\n            <\/h2>\r\n                                       <div class=\"title-desc\">Es impactar el destino al proveer la Palabra eterna de Dios a todos los ni\u00f1os y j\u00f3venes del mundo.<br>Hemos impactado positivamente la vida de cientos de j\u00f3venes y ni\u00f1os, pero sabemos que a\u00fan hay millones por alcanzar. La cosecha es abundante y el tiempo apremia. Conoce lo que hacemos, y s\u00famate a la causa para cambiar el mundo.<\/div>\r\n         \r\n               <\/div>\r\n   <\/div>\r\n   <div class=\"clearfix\"><\/div>\r\n<\/div>\t\t\t\t<\/div>\n\t\t\t\t<\/div>\n\t\t\t\t\t<\/div>\n\t\t<\/div>\n\t\t\t\t\t<\/div>\n\t\t<\/section>\n\t\t\t\t<section class=\"elementor-section elementor-top-section elementor-element elementor-element-2f234ed elementor-section-height-min-height elementor-section-boxed elementor-section-height-default elementor-section-items-middle\" data-id=\"2f234ed\" data-element_type=\"section\" data-e-type=\"section\" data-settings=\"{&quot;background_background&quot;:&quot;classic&quot;}\">\n\t\t\t\t\t\t<div class=\"elementor-container elementor-column-gap-default\">\n\t\t\t\t\t<div class=\"elementor-column elementor-col-50 elementor-top-column elementor-element elementor-element-6fed7ec column-style-top column-top\" data-id=\"6fed7ec\" data-element_type=\"column\" data-e-type=\"column\" data-settings=\"{&quot;background_background&quot;:&quot;classic&quot;}\">\n\t\t\t<div class=\"elementor-widget-wrap elementor-element-populated\">\n\t\t\t\t\t\t<div class=\"elementor-element elementor-element-985d0fd elementor-widget__width-initial elementor-widget elementor-widget-gva-heading-block\" data-id=\"985d0fd\" data-element_type=\"widget\" data-e-type=\"widget\" data-widget_type=\"gva-heading-block.default\">\n\t\t\t\t<div class=\"elementor-widget-container\">\n\t\t\t\t\t<div class=\"gva-element-gva-heading-block gva-element\">   <div class=\"align-center style-1 widget gsc-heading\">\r\n      <div class=\"content-inner\">\r\n                     <div class=\"heading-icon\"><img decoding=\"async\" src=\"https:\/\/onehopeespanol.net\/wp-content\/uploads\/2025\/12\/LOGO-VISION-2033-e1766412814317.png\" alt=\"Visi\u00f3n 2033\"\/><\/div>\r\n           \r\n                     <h2 class=\"title\">\r\n               <span>Visi\u00f3n 2033<\/span>\r\n            <\/h2>\r\n                                       <div class=\"title-desc\">El destino y salvaci\u00f3n de los ni\u00f1os est\u00e1 en nuestras manos. Con nuestra Visi\u00f3n 2033, estamos construyendo un legado de fe que perdurar\u00e1 por generaciones<\/div>\r\n         \r\n               <\/div>\r\n   <\/div>\r\n   <div class=\"clearfix\"><\/div>\r\n<\/div>\t\t\t\t<\/div>\n\t\t\t\t<\/div>\n\t\t\t\t<div class=\"elementor-element elementor-element-cc28219 elementor-widget elementor-widget-accordion\" data-id=\"cc28219\" data-element_type=\"widget\" data-e-type=\"widget\" data-widget_type=\"accordion.default\">\n\t\t\t\t\t\t\t<div class=\"elementor-accordion\">\n\t\t\t\t\t\t\t<div class=\"elementor-accordion-item\">\n\t\t\t\t\t<h2 id=\"elementor-tab-title-2141\" class=\"elementor-tab-title\" data-tab=\"1\" role=\"button\" aria-controls=\"elementor-tab-content-2141\" aria-expanded=\"false\">\n\t\t\t\t\t\t\t\t\t\t\t\t\t<span class=\"elementor-accordion-icon elementor-accordion-icon-right\" aria-hidden=\"true\">\n\t\t\t\t\t\t\t\t\t\t\t\t\t\t\t<span class=\"elementor-accordion-icon-closed\"><svg class=\"e-font-icon-svg e-fas-plus\" viewBox=\"0 0 448 512\" xmlns=\"http:\/\/www.w3.org\/2000\/svg\"><path d=\"M416 208H272V64c0-17.67-14.33-32-32-32h-32c-17.67 0-32 14.33-32 32v144H32c-17.67 0-32 14.33-32 32v32c0 17.67 14.33 32 32 32h144v144c0 17.67 14.33 32 32 32h32c17.67 0 32-14.33 32-32V304h144c17.67 0 32-14.33 32-32v-32c0-17.67-14.33-32-32-32z\"><\/path><\/svg><\/span>\n\t\t\t\t\t\t\t\t<span class=\"elementor-accordion-icon-opened\"><svg class=\"e-font-icon-svg e-fas-minus\" viewBox=\"0 0 448 512\" xmlns=\"http:\/\/www.w3.org\/2000\/svg\"><path d=\"M416 208H32c-17.67 0-32 14.33-32 32v32c0 17.67 14.33 32 32 32h384c17.67 0 32-14.33 32-32v-32c0-17.67-14.33-32-32-32z\"><\/path><\/svg><\/span>\n\t\t\t\t\t\t\t\t\t\t\t\t\t\t<\/span>\n\t\t\t\t\t\t\t\t\t\t\t\t<a class=\"elementor-accordion-title\" tabindex=\"0\">\u00bfQu\u00e9 es la Visi\u00f3n 2033?<\/a>\n\t\t\t\t\t<\/h2>\n\t\t\t\t\t<div id=\"elementor-tab-content-2141\" class=\"elementor-tab-content elementor-clearfix\" data-tab=\"1\" role=\"region\" aria-labelledby=\"elementor-tab-title-2141\"><p>Se trata del plan de Dios para incluir a los ni\u00f1os y j\u00f3venes como objetivos y como agentes de evangelizaci\u00f3n. Tenemos la oportunidad de poner los mensajes transformadores de esperanza en manos de ni\u00f1os de todo el mundo.<\/p><\/div>\n\t\t\t\t<\/div>\n\t\t\t\t\t\t\t<div class=\"elementor-accordion-item\">\n\t\t\t\t\t<h2 id=\"elementor-tab-title-2142\" class=\"elementor-tab-title\" data-tab=\"2\" role=\"button\" aria-controls=\"elementor-tab-content-2142\" aria-expanded=\"false\">\n\t\t\t\t\t\t\t\t\t\t\t\t\t<span class=\"elementor-accordion-icon elementor-accordion-icon-right\" aria-hidden=\"true\">\n\t\t\t\t\t\t\t\t\t\t\t\t\t\t\t<span class=\"elementor-accordion-icon-closed\"><svg class=\"e-font-icon-svg e-fas-plus\" viewBox=\"0 0 448 512\" xmlns=\"http:\/\/www.w3.org\/2000\/svg\"><path d=\"M416 208H272V64c0-17.67-14.33-32-32-32h-32c-17.67 0-32 14.33-32 32v144H32c-17.67 0-32 14.33-32 32v32c0 17.67 14.33 32 32 32h144v144c0 17.67 14.33 32 32 32h32c17.67 0 32-14.33 32-32V304h144c17.67 0 32-14.33 32-32v-32c0-17.67-14.33-32-32-32z\"><\/path><\/svg><\/span>\n\t\t\t\t\t\t\t\t<span class=\"elementor-accordion-icon-opened\"><svg class=\"e-font-icon-svg e-fas-minus\" viewBox=\"0 0 448 512\" xmlns=\"http:\/\/www.w3.org\/2000\/svg\"><path d=\"M416 208H32c-17.67 0-32 14.33-32 32v32c0 17.67 14.33 32 32 32h384c17.67 0 32-14.33 32-32v-32c0-17.67-14.33-32-32-32z\"><\/path><\/svg><\/span>\n\t\t\t\t\t\t\t\t\t\t\t\t\t\t<\/span>\n\t\t\t\t\t\t\t\t\t\t\t\t<a class=\"elementor-accordion-title\" tabindex=\"0\">\u00bfC\u00f3mo lo lograremos?<\/a>\n\t\t\t\t\t<\/h2>\n\t\t\t\t\t<div id=\"elementor-tab-content-2142\" class=\"elementor-tab-content elementor-clearfix\" data-tab=\"2\" role=\"region\" aria-labelledby=\"elementor-tab-title-2142\"><p>Lograr la Visi\u00f3n 2033 requiere una fe audaz. La ventana para llegar a los ni\u00f1os y j\u00f3venes con el Evangelio se est\u00e1 reduciendo.\u00a0<\/p><p>El Movimiento 4\/14 concluy\u00f3 que alrededor del 71% de los creyentes de Estados Unidos eligieron a Cristo entre los cuatro y catorce a\u00f1os. Mientras trabajamos juntos para expandir el reino de Dios a la pr\u00f3xima generaci\u00f3n, tenemos la oportunidad de colocar la Palabra de Dios en sus cabezas y corazones antes de que se cierre la ventana de la oportunidad.<\/p><\/div>\n\t\t\t\t<\/div>\n\t\t\t\t\t\t\t\t<\/div>\n\t\t\t\t\t\t<\/div>\n\t\t\t\t\t<\/div>\n\t\t<\/div>\n\t\t\t\t<div class=\"elementor-column elementor-col-50 elementor-top-column elementor-element elementor-element-2350ec8 column-style-top column-top\" data-id=\"2350ec8\" data-element_type=\"column\" data-e-type=\"column\">\n\t\t\t<div class=\"elementor-widget-wrap elementor-element-populated\">\n\t\t\t\t\t\t<div class=\"elementor-element elementor-element-a6508e4 elementor-widget__width-initial elementor-widget elementor-widget-image\" data-id=\"a6508e4\" data-element_type=\"widget\" data-e-type=\"widget\" data-widget_type=\"image.default\">\n\t\t\t\t\t\t\t\t\t\t\t\t\t\t\t<img loading=\"lazy\" decoding=\"async\" width=\"819\" height=\"1024\" src=\"https:\/\/onehopeespanol.net\/wp-content\/uploads\/2025\/12\/Mission-819x1024.jpg\" class=\"attachment-large size-large wp-image-5784\" alt=\"\" \/>\t\t\t\t\t\t\t\t\t\t\t\t\t\t\t<\/div>\n\t\t\t\t\t<\/div>\n\t\t<\/div>\n\t\t\t\t\t<\/div>\n\t\t<\/section>\n\t\t\t\t<section class=\"elementor-section elementor-top-section elementor-element elementor-element-bfac79c elementor-section-boxed elementor-section-height-default elementor-section-height-default\" data-id=\"bfac79c\" data-element_type=\"section\" data-e-type=\"section\" data-settings=\"{&quot;background_background&quot;:&quot;classic&quot;,&quot;animation&quot;:&quot;none&quot;}\">\n\t\t\t\t\t\t<div class=\"elementor-container elementor-column-gap-default\">\n\t\t\t\t\t<div class=\"elementor-column elementor-col-100 elementor-top-column elementor-element elementor-element-0a48097 column-style-top column-top\" data-id=\"0a48097\" data-element_type=\"column\" data-e-type=\"column\">\n\t\t\t<div class=\"elementor-widget-wrap elementor-element-populated\">\n\t\t\t\t\t\t<section class=\"elementor-section elementor-inner-section elementor-element elementor-element-446714f elementor-section-full_width elementor-section-height-default elementor-section-height-default\" data-id=\"446714f\" data-element_type=\"section\" data-e-type=\"section\" data-settings=\"{&quot;background_background&quot;:&quot;classic&quot;}\">\n\t\t\t\t\t\t<div class=\"elementor-container elementor-column-gap-default\">\n\t\t\t\t\t<div class=\"elementor-column elementor-col-33 elementor-inner-column elementor-element elementor-element-e6494b2 column-style-top column-top\" data-id=\"e6494b2\" data-element_type=\"column\" data-e-type=\"column\">\n\t\t\t<div class=\"elementor-widget-wrap elementor-element-populated\">\n\t\t\t\t\t\t<div class=\"elementor-element elementor-element-1123bf6 elementor-widget elementor-widget-gva-icon-box-styles\" data-id=\"1123bf6\" data-element_type=\"widget\" data-e-type=\"widget\" data-widget_type=\"gva-icon-box-styles.default\">\n\t\t\t\t<div class=\"elementor-widget-container\">\n\t\t\t\t\t<div class=\"gva-element-gva-icon-box-styles gva-element\">\r\n   \r\n   \r\n         <div class=\"widget gsc-icon-box-styles style-3\">\r\n         <div class=\"block-content\">\r\n            <div class=\"content-inner\">\r\n               \r\n                                 <h3 class=\"title\">\r\n                     \u00bfC\u00f3mo?                  <\/h3>\r\n               \r\n                                 <div class=\"desc\">Actualmente, llegamos a ni\u00f1os y j\u00f3venes de todo el mundo a trav\u00e9s de medios impresos, pel\u00edculas, narraciones y aplicaciones digitales<\/div>\r\n               \r\n            <\/div>\r\n         <\/div>   \r\n      <\/div> \r\n      \r\n\r\n\r\n<\/div>\t\t\t\t<\/div>\n\t\t\t\t<\/div>\n\t\t\t\t\t<\/div>\n\t\t<\/div>\n\t\t\t\t<div class=\"elementor-column elementor-col-33 elementor-inner-column elementor-element elementor-element-161252f column-style-top column-top\" data-id=\"161252f\" data-element_type=\"column\" data-e-type=\"column\">\n\t\t\t<div class=\"elementor-widget-wrap elementor-element-populated\">\n\t\t\t\t\t\t<div class=\"elementor-element elementor-element-9422f99 elementor-widget elementor-widget-gva-icon-box-styles\" data-id=\"9422f99\" data-element_type=\"widget\" data-e-type=\"widget\" data-widget_type=\"gva-icon-box-styles.default\">\n\t\t\t\t<div class=\"elementor-widget-container\">\n\t\t\t\t\t<div class=\"gva-element-gva-icon-box-styles gva-element\">\r\n   \r\n   \r\n         <div class=\"widget gsc-icon-box-styles style-3\">\r\n         <div class=\"block-content\">\r\n            <div class=\"content-inner\">\r\n               \r\n                                 <h3 class=\"title\">\r\n                     \u00bfD\u00f3nde?                  <\/h3>\r\n               \r\n                                 <div class=\"desc\">Al asociarnos con la iglesia local, hemos tenido el privilegio de trabajar en todas las naciones del mundo.<\/div>\r\n               \r\n            <\/div>\r\n         <\/div>   \r\n      <\/div> \r\n      \r\n\r\n\r\n<\/div>\t\t\t\t<\/div>\n\t\t\t\t<\/div>\n\t\t\t\t\t<\/div>\n\t\t<\/div>\n\t\t\t\t<div class=\"elementor-column elementor-col-33 elementor-inner-column elementor-element elementor-element-0591b70 column-style-top column-top\" data-id=\"0591b70\" data-element_type=\"column\" data-e-type=\"column\">\n\t\t\t<div class=\"elementor-widget-wrap elementor-element-populated\">\n\t\t\t\t\t\t<div class=\"elementor-element elementor-element-5f07999 elementor-widget__width-initial elementor-widget elementor-widget-gva-icon-box-styles\" data-id=\"5f07999\" data-element_type=\"widget\" data-e-type=\"widget\" data-widget_type=\"gva-icon-box-styles.default\">\n\t\t\t\t<div class=\"elementor-widget-container\">\n\t\t\t\t\t<div class=\"gva-element-gva-icon-box-styles gva-element\">\r\n   \r\n   \r\n         <div class=\"widget gsc-icon-box-styles style-3\">\r\n         <div class=\"block-content\">\r\n            <div class=\"content-inner\">\r\n               \r\n                                 <h3 class=\"title\">\r\n                     Alcance                  <\/h3>\r\n               \r\n                                 <div class=\"desc\">M\u00e1s de 2 mil millones de ni\u00f1os y j\u00f3venes han sido alcanzados con un mensaje relevante del Evangelio.<\/div>\r\n               \r\n            <\/div>\r\n         <\/div>   \r\n      <\/div> \r\n      \r\n\r\n\r\n<\/div>\t\t\t\t<\/div>\n\t\t\t\t<\/div>\n\t\t\t\t\t<\/div>\n\t\t<\/div>\n\t\t\t\t\t<\/div>\n\t\t<\/section>\n\t\t\t\t\t<\/div>\n\t\t<\/div>\n\t\t\t\t\t<\/div>\n\t\t<\/section>\n\t\t\t\t<\/div>\n\t\t","protected":false},"excerpt":{"rendered":"<p>Nuestra Misi\u00f3n Es impactar el destino al proveer la Palabra eterna de Dios a todos los ni\u00f1os y j\u00f3venes del mundo.Hemos impactado positivamente la vida de cientos de j\u00f3venes y ni\u00f1os, pero sabemos que a\u00fan hay millones por alcanzar. La cosecha es abundante y el tiempo apremia. Conoce lo que hacemos, y s\u00famate a la [&hellip;]<\/p>\n","protected":false},"author":2,"featured_media":5252,"parent":0,"menu_order":0,"comment_status":"open","ping_status":"closed","template":"","meta":{"give_campaign_id":0,"footnotes":""},"class_list":["post-612","page","type-page","status-publish","has-post-thumbnail","hentry"],"campaignId":"","featured_image_src":"https:\/\/onehopeespanol.net\/wp-content\/uploads\/2025\/09\/AdobeStock_200950348-1-600x400.jpeg","featured_image_src_square":"https:\/\/onehopeespanol.net\/wp-content\/uploads\/2025\/09\/AdobeStock_200950348-1-600x600.jpeg","_links":{"self":[{"href":"https:\/\/onehopeespanol.net\/en\/wp-json\/wp\/v2\/pages\/612","targetHints":{"allow":["GET"]}}],"collection":[{"href":"https:\/\/onehopeespanol.net\/en\/wp-json\/wp\/v2\/pages"}],"about":[{"href":"https:\/\/onehopeespanol.net\/en\/wp-json\/wp\/v2\/types\/page"}],"author":[{"embeddable":true,"href":"https:\/\/onehopeespanol.net\/en\/wp-json\/wp\/v2\/users\/2"}],"replies":[{"embeddable":true,"href":"https:\/\/onehopeespanol.net\/en\/wp-json\/wp\/v2\/comments?post=612"}],"version-history":[{"count":0,"href":"https:\/\/onehopeespanol.net\/en\/wp-json\/wp\/v2\/pages\/612\/revisions"}],"wp:featuredmedia":[{"embeddable":true,"href":"https:\/\/onehopeespanol.net\/en\/wp-json\/wp\/v2\/media\/5252"}],"wp:attachment":[{"href":"https:\/\/onehopeespanol.net\/en\/wp-json\/wp\/v2\/media?parent=612"}],"curies":[{"name":"wp","href":"https:\/\/api.w.org\/{rel}","templated":true}]}}